{"id":30,"date":"2022-10-07T15:38:26","date_gmt":"2022-10-07T13:38:26","guid":{"rendered":"https:\/\/byny.dk\/?page_id=30"},"modified":"2022-10-22T15:20:42","modified_gmt":"2022-10-22T13:20:42","slug":"om-bynygaard","status":"publish","type":"page","link":"https:\/\/byny.dk\/index.php\/om-bynygaard-2\/om-bynygaard\/","title":{"rendered":"Historie"},"content":{"rendered":"\n<p>Hej velkommen til ByNygaard. <\/p>\n\n\n\n<p class=\"has-small-font-size\">Jeg hedder Christina og er uddannet sygeplejerske og sundhedsplejerske. Jeg er i gang med at starte min klinik op som kommer til at ligger placeret p\u00e5 Nygaard i Herlufmagle. I klinikken vil jeg tilbyde behandlinger med botox og ikke permanent filler. <\/p>\n\n\n\n<p><\/p>\n\n\n\n<blockquote class=\"wp-block-quote is-layout-flow wp-block-quote-is-layout-flow\"><p>Ideen til ByNygaard fik jeg da vi k\u00f8bte et nedlagt landsted hvor der var plads og mulighed for at skabe min egen klinik. <\/p><p>Interessen for kosmetisk sygepleje har jeg haft l\u00e6nge og syntes det er fantastisk at kunne give mennesker muligheden for at deres ydre udseende f\u00f8lger deres indre f\u00f8lelse. <\/p><p><\/p><\/blockquote>\n","protected":false},"excerpt":{"rendered":"<p>Hej velkommen til ByNygaard. Jeg hedder Christina og er uddannet sygeplejerske og sundhedsplejerske. Jeg er i gang med at starte min klinik op som kommer til at ligger placeret p\u00e5 Nygaard i Herlufmagle. I klinikken vil jeg tilbyde behandlinger med botox og ikke permanent filler. Ideen til ByNygaard fik jeg da vi k\u00f8bte et nedlagt [&hellip;]<\/p>\n","protected":false},"author":1,"featured_media":0,"parent":61,"menu_order":0,"comment_status":"closed","ping_status":"closed","template":"","meta":{"footnotes":""},"class_list":["post-30","page","type-page","status-publish","hentry"],"_links":{"self":[{"href":"https:\/\/byny.dk\/index.php\/wp-json\/wp\/v2\/pages\/30","targetHints":{"allow":["GET"]}}],"collection":[{"href":"https:\/\/byny.dk\/index.php\/wp-json\/wp\/v2\/pages"}],"about":[{"href":"https:\/\/byny.dk\/index.php\/wp-json\/wp\/v2\/types\/page"}],"author":[{"embeddable":true,"href":"https:\/\/byny.dk\/index.php\/wp-json\/wp\/v2\/users\/1"}],"replies":[{"embeddable":true,"href":"https:\/\/byny.dk\/index.php\/wp-json\/wp\/v2\/comments?post=30"}],"version-history":[{"count":8,"href":"https:\/\/byny.dk\/index.php\/wp-json\/wp\/v2\/pages\/30\/revisions"}],"predecessor-version":[{"id":60,"href":"https:\/\/byny.dk\/index.php\/wp-json\/wp\/v2\/pages\/30\/revisions\/60"}],"up":[{"embeddable":true,"href":"https:\/\/byny.dk\/index.php\/wp-json\/wp\/v2\/pages\/61"}],"wp:attachment":[{"href":"https:\/\/byny.dk\/index.php\/wp-json\/wp\/v2\/media?parent=30"}],"curies":[{"name":"wp","href":"https:\/\/api.w.org\/{rel}","templated":true}]}}