{"id":35,"date":"2022-10-07T15:39:44","date_gmt":"2022-10-07T13:39:44","guid":{"rendered":"https:\/\/byny.dk\/?page_id=35"},"modified":"2022-10-22T12:22:17","modified_gmt":"2022-10-22T10:22:17","slug":"find-os","status":"publish","type":"page","link":"https:\/\/byny.dk\/index.php\/find-os\/","title":{"rendered":"Find os"},"content":{"rendered":"\n<p>Adressen er Ravnstrupvej 36 4160 Herlufmagle.<\/p>\n\n\n\n<p>Klinik ByNygaard ligger i Herlufmagle midt p\u00e5 Sj\u00e6lland mellem Ringsted og N\u00e6stved.<\/p>\n","protected":false},"excerpt":{"rendered":"<p>Adressen er Ravnstrupvej 36 4160 Herlufmagle. Klinik ByNygaard ligger i Herlufmagle midt p\u00e5 Sj\u00e6lland mellem Ringsted og N\u00e6stved.<\/p>\n","protected":false},"author":1,"featured_media":0,"parent":0,"menu_order":10,"comment_status":"closed","ping_status":"closed","template":"","meta":{"footnotes":""},"class_list":["post-35","page","type-page","status-publish","hentry"],"_links":{"self":[{"href":"https:\/\/byny.dk\/index.php\/wp-json\/wp\/v2\/pages\/35","targetHints":{"allow":["GET"]}}],"collection":[{"href":"https:\/\/byny.dk\/index.php\/wp-json\/wp\/v2\/pages"}],"about":[{"href":"https:\/\/byny.dk\/index.php\/wp-json\/wp\/v2\/types\/page"}],"author":[{"embeddable":true,"href":"https:\/\/byny.dk\/index.php\/wp-json\/wp\/v2\/users\/1"}],"replies":[{"embeddable":true,"href":"https:\/\/byny.dk\/index.php\/wp-json\/wp\/v2\/comments?post=35"}],"version-history":[{"count":3,"href":"https:\/\/byny.dk\/index.php\/wp-json\/wp\/v2\/pages\/35\/revisions"}],"predecessor-version":[{"id":52,"href":"https:\/\/byny.dk\/index.php\/wp-json\/wp\/v2\/pages\/35\/revisions\/52"}],"wp:attachment":[{"href":"https:\/\/byny.dk\/index.php\/wp-json\/wp\/v2\/media?parent=35"}],"curies":[{"name":"wp","href":"https:\/\/api.w.org\/{rel}","templated":true}]}}